{"id":3012,"date":"2025-01-08T10:04:58","date_gmt":"2025-01-08T10:04:58","guid":{"rendered":"https:\/\/www.concilia.life\/politica-privacidad\/"},"modified":"2026-03-13T09:40:02","modified_gmt":"2026-03-13T09:40:02","slug":"politica-privacidad","status":"publish","type":"page","link":"https:\/\/www.concilia.life\/es-mx\/politica-privacidad\/","title":{"rendered":"Aviso de privacidad"},"content":{"rendered":"<style><\/style>\t\t<div data-elementor-type=\"wp-page\" data-elementor-id=\"3012\" class=\"elementor elementor-3012 elementor-3\">\n\t\t\t\t\t\t<section class=\"elementor-section elementor-top-section elementor-element elementor-element-5d8e5e3e elementor-section-boxed elementor-section-height-default elementor-section-height-default\" data-id=\"5d8e5e3e\" data-element_type=\"section\">\n\t\t\t\t\t\t<div class=\"elementor-container elementor-column-gap-default\">\n\t\t\t\t\t<div class=\"elementor-column elementor-col-100 elementor-top-column elementor-element elementor-element-43413607\" data-id=\"43413607\" data-element_type=\"column\">\n\t\t\t<div class=\"elementor-widget-wrap elementor-element-populated\">\n\t\t\t\t\t\t<div class=\"elementor-element elementor-element-783370b1 elementor-widget elementor-widget-text-editor\" data-id=\"783370b1\" data-element_type=\"widget\" data-widget_type=\"text-editor.default\">\n\t\t\t\t<div class=\"elementor-widget-container\">\n\t\t\t\t\t\t\t<h2 class=\"wp-block-heading\">1. Privacidad<\/h2><p><span style=\"color: #f76b6b;\">Fecha de entrada en vigor de este Aviso de privacidad: 15 de Enero de 2021<\/span><\/p><p><span style=\"color: #f76b6b;\">En <strong>Concilia Company<\/strong>, nos comprometemos a proteger la privacidad y seguridad de los datos de nuestros usuarios. Esta pol\u00edtica explica qu\u00e9 datos recopilamos, c\u00f3mo los utilizamos y qu\u00e9 derechos tienes sobre ellos.<\/span><\/p><h2 class=\"wp-block-heading\">2. \u00bfQui\u00e9n es el responsable del tratamiento de tus datos?<\/h2><ul class=\"wp-block-list\"><li><span style=\"color: #f76b6b;\"><strong>Denominaci\u00f3n social:<\/strong> Baby Friendly Companies, S.L. (en adelante, Family Friendly Club)<\/span><\/li><li><span style=\"color: #f76b6b;\"><strong>CIF:<\/strong> B60690443<\/span><\/li><li><span style=\"color: #f76b6b;\"><strong>Direcci\u00f3n:<\/strong> Antonio Araguas, 3 P.I. Europolis 28232 Las Rozas, Madrid, Espa\u00f1a<\/span><\/li><li><span style=\"color: #f76b6b;\"><strong>Correo electr\u00f3nico de contacto:<\/strong> <a style=\"color: #f76b6b;\" href=\"mailto:info@concilia.life\">info@concilia.life<\/a><\/span><\/li><li><span style=\"color: #f76b6b;\"><strong>Inscripci\u00f3n en el Registro Mercantil:<\/strong> Tomo 27642, folio 156, hoja B119813<\/span><\/li><\/ul><h2 class=\"wp-block-heading\">3. \u00bfQu\u00e9 informaci\u00f3n recopilamos y con qu\u00e9 finalidad?<\/h2><p><span style=\"color: #f76b6b;\">En Concilia Company recopilamos informaci\u00f3n de dos formas: datos proporcionados directamente por los usuarios y datos obtenidos de forma autom\u00e1tica.<\/span><\/p><p><span style=\"color: #f76b6b;\"><strong>3.1. Informaci\u00f3n que proporcionas directamente:<\/strong><\/span><\/p><ul class=\"wp-block-list\"><li><span style=\"color: #f76b6b;\">Datos personales (nombre, apellidos, correo electr\u00f3nico, direcci\u00f3n postal, n\u00famero de tel\u00e9fono) al registrarte o suscribirte a nuestros servicios.<\/span><\/li><li><span style=\"color: #f76b6b;\">Datos de pago cuando realizas compras o suscripciones.<\/span><\/li><li><span style=\"color: #f76b6b;\">Informaci\u00f3n enviada a trav\u00e9s de formularios de contacto o encuestas.<\/span><\/li><\/ul><p><span style=\"color: #f76b6b;\"><strong>3.2. Informaci\u00f3n recopilada autom\u00e1ticamente:<\/strong><\/span><\/p><ul class=\"wp-block-list\"><li><span style=\"color: #f76b6b;\">Direcci\u00f3n IP y datos del dispositivo desde el que accedes.<\/span><\/li><li><span style=\"color: #f76b6b;\">Informaci\u00f3n sobre tu actividad en la web (p\u00e1ginas visitadas, tiempo de navegaci\u00f3n, clics).<\/span><\/li><li><span style=\"color: #f76b6b;\">Datos de geolocalizaci\u00f3n aproximada.<\/span><\/li><li><span style=\"color: #f76b6b;\">Uso de cookies y tecnolog\u00edas similares (ver secci\u00f3n 5).<\/span><\/li><\/ul><h2 class=\"wp-block-heading\">4. \u00bfC\u00f3mo utilizamos tu informaci\u00f3n?<\/h2><p><span style=\"color: #f76b6b;\">Los datos que recopilamos se utilizan para:<\/span><\/p><ul class=\"wp-block-list\"><li><span style=\"color: #f76b6b;\">Proporcionarte acceso a nuestros servicios y gestionar tu cuenta.<\/span><\/li><li><span style=\"color: #f76b6b;\">Procesar pagos y pedidos.<\/span><\/li><li><span style=\"color: #f76b6b;\">Enviar comunicaciones informativas y promocionales (previo consentimiento).<\/span><\/li><li><span style=\"color: #f76b6b;\">Mejorar la experiencia del usuario en nuestra web.<\/span><\/li><li><span style=\"color: #f76b6b;\">Cumplir con nuestras obligaciones legales.<\/span><\/li><\/ul><h2 class=\"wp-block-heading\">5. Uso de cookies<\/h2><p><span style=\"color: #f76b6b;\">En Concilia Company utilizamos cookies para mejorar tu experiencia de navegaci\u00f3n. Puedes consultar nuestra pol\u00edtica de cookies para m\u00e1s detalles y gestionar tus preferencias.<\/span><\/p><h2 class=\"wp-block-heading\">6. \u00bfCu\u00e1les son tus derechos?<\/h2><p><span style=\"color: #f76b6b;\">Como usuario, tienes derecho a:<\/span><\/p><ul class=\"wp-block-list\"><li><span style=\"color: #f76b6b;\">Acceder a tus datos personales.<\/span><\/li><li><span style=\"color: #f76b6b;\">Solicitar la rectificaci\u00f3n de datos incorrectos.<\/span><\/li><li><span style=\"color: #f76b6b;\">Pedir la eliminaci\u00f3n de tus datos cuando ya no sean necesarios.<\/span><\/li><li><span style=\"color: #f76b6b;\">Oponerte al uso de tus datos con fines comerciales.<\/span><\/li><li><span style=\"color: #f76b6b;\">Solicitar la portabilidad de tus datos a otro proveedor.<\/span><\/li><\/ul><p><span style=\"color: #f76b6b;\">Para ejercer estos derechos, puedes contactar con nosotros en <a style=\"color: #f76b6b;\" href=\"mailto:info@concilia.life\">info@concilia.life<\/a><\/span><\/p><h2 class=\"wp-block-heading\">7. Conservaci\u00f3n de datos<\/h2><p><span style=\"color: #f76b6b;\">Mantendremos tu informaci\u00f3n mientras sea necesaria para la prestaci\u00f3n de los servicios y cumplimiento de nuestras obligaciones legales.<\/span><\/p><h2 class=\"wp-block-heading\">8. Cambios en la pol\u00edtica de privacidad<\/h2><p><span style=\"color: #f76b6b;\">Podemos actualizar esta pol\u00edtica de privacidad en cualquier momento. Notificaremos cualquier cambio relevante a trav\u00e9s de nuestra web.<\/span><\/p>\t\t\t\t\t\t<\/div>\n\t\t\t\t<\/div>\n\t\t\t\t\t<\/div>\n\t\t<\/div>\n\t\t\t\t\t<\/div>\n\t\t<\/section>\n\t\t\t\t<\/div>\n\t\t","protected":false},"excerpt":{"rendered":"<p>1. Privacidad Fecha de entrada en vigor de este Aviso de privacidad: 15 de Enero de 2021 En Concilia Company, [&hellip;]<\/p>\n","protected":false},"author":1,"featured_media":0,"parent":0,"menu_order":0,"comment_status":"closed","ping_status":"closed","template":"","meta":{"site-sidebar-layout":"default","site-content-layout":"","ast-site-content-layout":"default","site-content-style":"default","site-sidebar-style":"default","ast-global-header-display":"","ast-banner-title-visibility":"","ast-main-header-display":"","ast-hfb-above-header-display":"","ast-hfb-below-header-display":"","ast-hfb-mobile-header-display":"","site-post-title":"","ast-breadcrumbs-content":"","ast-featured-img":"","footer-sml-layout":"","theme-transparent-header-meta":"","adv-header-id-meta":"","stick-header-meta":"","header-above-stick-meta":"","header-main-stick-meta":"","header-below-stick-meta":"","astra-migrate-meta-layouts":"default","ast-page-background-enabled":"default","ast-page-background-meta":{"desktop":{"background-color":"var(--ast-global-color-5)","background-image":"","background-repeat":"repeat","background-position":"center center","background-size":"auto","background-attachment":"scroll","background-type":"","background-media":"","overlay-type":"","overlay-color":"","overlay-opacity":"","overlay-gradient":""},"tablet":{"background-color":"","background-image":"","background-repeat":"repeat","background-position":"center center","background-size":"auto","background-attachment":"scroll","background-type":"","background-media":"","overlay-type":"","overlay-color":"","overlay-opacity":"","overlay-gradient":""},"mobile":{"background-color":"","background-image":"","background-repeat":"repeat","background-position":"center center","background-size":"auto","background-attachment":"scroll","background-type":"","background-media":"","overlay-type":"","overlay-color":"","overlay-opacity":"","overlay-gradient":""}},"ast-content-background-meta":{"desktop":{"background-color":"var(--ast-global-color-4)","background-image":"","background-repeat":"repeat","background-position":"center center","background-size":"auto","background-attachment":"scroll","background-type":"","background-media":"","overlay-type":"","overlay-color":"","overlay-opacity":"","overlay-gradient":""},"tablet":{"background-color":"var(--ast-global-color-4)","background-image":"","background-repeat":"repeat","background-position":"center center","background-size":"auto","background-attachment":"scroll","background-type":"","background-media":"","overlay-type":"","overlay-color":"","overlay-opacity":"","overlay-gradient":""},"mobile":{"background-color":"var(--ast-global-color-4)","background-image":"","background-repeat":"repeat","background-position":"center center","background-size":"auto","background-attachment":"scroll","background-type":"","background-media":"","overlay-type":"","overlay-color":"","overlay-opacity":"","overlay-gradient":""}},"footnotes":""},"class_list":["post-3012","page","type-page","status-publish","hentry"],"yoast_head":"<!-- This site is optimized with the Yoast SEO plugin v26.1.1 - https:\/\/yoast.com\/wordpress\/plugins\/seo\/ -->\n<title>Aviso de privacidad - Concilia Life<\/title>\n<meta name=\"robots\" content=\"index, follow, max-snippet:-1, max-image-preview:large, max-video-preview:-1\" \/>\n<link rel=\"canonical\" href=\"https:\/\/www.concilia.life\/es-mx\/politica-privacidad\/\" \/>\n<meta property=\"og:locale\" content=\"es_MX\" \/>\n<meta property=\"og:type\" content=\"article\" \/>\n<meta property=\"og:title\" content=\"Aviso de privacidad - Concilia Life\" \/>\n<meta property=\"og:description\" content=\"1. Privacidad Fecha de entrada en vigor de este Aviso de privacidad: 15 de Enero de 2021 En Concilia Company, [&hellip;]\" \/>\n<meta property=\"og:url\" content=\"https:\/\/www.concilia.life\/es-mx\/politica-privacidad\/\" \/>\n<meta property=\"og:site_name\" content=\"Concilia Life\" \/>\n<meta property=\"article:modified_time\" content=\"2026-03-13T09:40:02+00:00\" \/>\n<meta property=\"og:image\" content=\"https:\/\/www.concilia.life\/wp-content\/uploads\/2025\/01\/Family-Friendly-Club-Logo.png\" \/>\n\t<meta property=\"og:image:width\" content=\"1080\" \/>\n\t<meta property=\"og:image:height\" content=\"250\" \/>\n\t<meta property=\"og:image:type\" content=\"image\/png\" \/>\n<meta name=\"twitter:card\" content=\"summary_large_image\" \/>\n<meta name=\"twitter:label1\" content=\"Tiempo de lectura\" \/>\n\t<meta name=\"twitter:data1\" content=\"2 minutos\" \/>\n<script type=\"application\/ld+json\" class=\"yoast-schema-graph\">{\"@context\":\"https:\/\/schema.org\",\"@graph\":[{\"@type\":\"WebPage\",\"@id\":\"https:\/\/www.concilia.life\/es-mx\/politica-privacidad\/\",\"url\":\"https:\/\/www.concilia.life\/es-mx\/politica-privacidad\/\",\"name\":\"Aviso de privacidad - Concilia Life\",\"isPartOf\":{\"@id\":\"https:\/\/www.concilia.life\/es-mx\/#website\"},\"datePublished\":\"2025-01-08T10:04:58+00:00\",\"dateModified\":\"2026-03-13T09:40:02+00:00\",\"breadcrumb\":{\"@id\":\"https:\/\/www.concilia.life\/es-mx\/politica-privacidad\/#breadcrumb\"},\"inLanguage\":\"es\",\"potentialAction\":[{\"@type\":\"ReadAction\",\"target\":[\"https:\/\/www.concilia.life\/es-mx\/politica-privacidad\/\"]}]},{\"@type\":\"BreadcrumbList\",\"@id\":\"https:\/\/www.concilia.life\/es-mx\/politica-privacidad\/#breadcrumb\",\"itemListElement\":[{\"@type\":\"ListItem\",\"position\":1,\"name\":\"Portada\",\"item\":\"https:\/\/www.concilia.life\/es-mx\/\"},{\"@type\":\"ListItem\",\"position\":2,\"name\":\"Aviso de privacidad\"}]},{\"@type\":\"WebSite\",\"@id\":\"https:\/\/www.concilia.life\/es-mx\/#website\",\"url\":\"https:\/\/www.concilia.life\/es-mx\/\",\"name\":\"Concilia.Life\",\"description\":\"\",\"publisher\":{\"@id\":\"https:\/\/www.concilia.life\/es-mx\/#organization\"},\"potentialAction\":[{\"@type\":\"SearchAction\",\"target\":{\"@type\":\"EntryPoint\",\"urlTemplate\":\"https:\/\/www.concilia.life\/es-mx\/?s={search_term_string}\"},\"query-input\":{\"@type\":\"PropertyValueSpecification\",\"valueRequired\":true,\"valueName\":\"search_term_string\"}}],\"inLanguage\":\"es\"},{\"@type\":\"Organization\",\"@id\":\"https:\/\/www.concilia.life\/es-mx\/#organization\",\"name\":\"Family Friendly Club\",\"url\":\"https:\/\/www.concilia.life\/es-mx\/\",\"logo\":{\"@type\":\"ImageObject\",\"inLanguage\":\"es\",\"@id\":\"https:\/\/www.concilia.life\/es-mx\/#\/schema\/logo\/image\/\",\"url\":\"https:\/\/www.concilia.life\/wp-content\/uploads\/2025\/01\/Logo-Family-Friendly-Club.png\",\"contentUrl\":\"https:\/\/www.concilia.life\/wp-content\/uploads\/2025\/01\/Logo-Family-Friendly-Club.png\",\"width\":1919,\"height\":670,\"caption\":\"Family Friendly Club\"},\"image\":{\"@id\":\"https:\/\/www.concilia.life\/es-mx\/#\/schema\/logo\/image\/\"}}]}<\/script>\n<!-- \/ Yoast SEO plugin. -->","yoast_head_json":{"title":"Aviso de privacidad - Concilia Life","robots":{"index":"index","follow":"follow","max-snippet":"max-snippet:-1","max-image-preview":"max-image-preview:large","max-video-preview":"max-video-preview:-1"},"canonical":"https:\/\/www.concilia.life\/es-mx\/politica-privacidad\/","og_locale":"es_MX","og_type":"article","og_title":"Aviso de privacidad - Concilia Life","og_description":"1. Privacidad Fecha de entrada en vigor de este Aviso de privacidad: 15 de Enero de 2021 En Concilia Company, [&hellip;]","og_url":"https:\/\/www.concilia.life\/es-mx\/politica-privacidad\/","og_site_name":"Concilia Life","article_modified_time":"2026-03-13T09:40:02+00:00","og_image":[{"width":1080,"height":250,"url":"https:\/\/www.concilia.life\/wp-content\/uploads\/2025\/01\/Family-Friendly-Club-Logo.png","type":"image\/png"}],"twitter_card":"summary_large_image","twitter_misc":{"Tiempo de lectura":"2 minutos"},"schema":{"@context":"https:\/\/schema.org","@graph":[{"@type":"WebPage","@id":"https:\/\/www.concilia.life\/es-mx\/politica-privacidad\/","url":"https:\/\/www.concilia.life\/es-mx\/politica-privacidad\/","name":"Aviso de privacidad - Concilia Life","isPartOf":{"@id":"https:\/\/www.concilia.life\/es-mx\/#website"},"datePublished":"2025-01-08T10:04:58+00:00","dateModified":"2026-03-13T09:40:02+00:00","breadcrumb":{"@id":"https:\/\/www.concilia.life\/es-mx\/politica-privacidad\/#breadcrumb"},"inLanguage":"es","potentialAction":[{"@type":"ReadAction","target":["https:\/\/www.concilia.life\/es-mx\/politica-privacidad\/"]}]},{"@type":"BreadcrumbList","@id":"https:\/\/www.concilia.life\/es-mx\/politica-privacidad\/#breadcrumb","itemListElement":[{"@type":"ListItem","position":1,"name":"Portada","item":"https:\/\/www.concilia.life\/es-mx\/"},{"@type":"ListItem","position":2,"name":"Aviso de privacidad"}]},{"@type":"WebSite","@id":"https:\/\/www.concilia.life\/es-mx\/#website","url":"https:\/\/www.concilia.life\/es-mx\/","name":"Concilia.Life","description":"","publisher":{"@id":"https:\/\/www.concilia.life\/es-mx\/#organization"},"potentialAction":[{"@type":"SearchAction","target":{"@type":"EntryPoint","urlTemplate":"https:\/\/www.concilia.life\/es-mx\/?s={search_term_string}"},"query-input":{"@type":"PropertyValueSpecification","valueRequired":true,"valueName":"search_term_string"}}],"inLanguage":"es"},{"@type":"Organization","@id":"https:\/\/www.concilia.life\/es-mx\/#organization","name":"Family Friendly Club","url":"https:\/\/www.concilia.life\/es-mx\/","logo":{"@type":"ImageObject","inLanguage":"es","@id":"https:\/\/www.concilia.life\/es-mx\/#\/schema\/logo\/image\/","url":"https:\/\/www.concilia.life\/wp-content\/uploads\/2025\/01\/Logo-Family-Friendly-Club.png","contentUrl":"https:\/\/www.concilia.life\/wp-content\/uploads\/2025\/01\/Logo-Family-Friendly-Club.png","width":1919,"height":670,"caption":"Family Friendly Club"},"image":{"@id":"https:\/\/www.concilia.life\/es-mx\/#\/schema\/logo\/image\/"}}]}},"_links":{"self":[{"href":"https:\/\/www.concilia.life\/es-mx\/wp-json\/wp\/v2\/pages\/3012","targetHints":{"allow":["GET"]}}],"collection":[{"href":"https:\/\/www.concilia.life\/es-mx\/wp-json\/wp\/v2\/pages"}],"about":[{"href":"https:\/\/www.concilia.life\/es-mx\/wp-json\/wp\/v2\/types\/page"}],"author":[{"embeddable":true,"href":"https:\/\/www.concilia.life\/es-mx\/wp-json\/wp\/v2\/users\/1"}],"replies":[{"embeddable":true,"href":"https:\/\/www.concilia.life\/es-mx\/wp-json\/wp\/v2\/comments?post=3012"}],"version-history":[{"count":6,"href":"https:\/\/www.concilia.life\/es-mx\/wp-json\/wp\/v2\/pages\/3012\/revisions"}],"predecessor-version":[{"id":6243,"href":"https:\/\/www.concilia.life\/es-mx\/wp-json\/wp\/v2\/pages\/3012\/revisions\/6243"}],"wp:attachment":[{"href":"https:\/\/www.concilia.life\/es-mx\/wp-json\/wp\/v2\/media?parent=3012"}],"curies":[{"name":"wp","href":"https:\/\/api.w.org\/{rel}","templated":true}]}}