{"id":3025,"date":"2025-02-26T10:44:24","date_gmt":"2025-02-26T10:44:24","guid":{"rendered":"https:\/\/www.concilia.life\/terminos-y-condiciones\/"},"modified":"2026-03-16T06:41:30","modified_gmt":"2026-03-16T06:41:30","slug":"terminos-y-condiciones-de-uso","status":"publish","type":"page","link":"https:\/\/www.concilia.life\/es-mx\/terminos-y-condiciones-de-uso\/","title":{"rendered":"T\u00e9rminos y condiciones de uso"},"content":{"rendered":"<style><\/style>\t\t<div data-elementor-type=\"wp-page\" data-elementor-id=\"3025\" class=\"elementor elementor-3025 elementor-2257\">\n\t\t\t\t\t\t<section class=\"elementor-section elementor-top-section elementor-element elementor-element-5d8e5e3e elementor-section-boxed elementor-section-height-default elementor-section-height-default\" data-id=\"5d8e5e3e\" data-element_type=\"section\">\n\t\t\t\t\t\t<div class=\"elementor-container elementor-column-gap-default\">\n\t\t\t\t\t<div class=\"elementor-column elementor-col-100 elementor-top-column elementor-element elementor-element-43413607\" data-id=\"43413607\" data-element_type=\"column\">\n\t\t\t<div class=\"elementor-widget-wrap elementor-element-populated\">\n\t\t\t\t\t\t<div class=\"elementor-element elementor-element-783370b1 elementor-widget elementor-widget-text-editor\" data-id=\"783370b1\" data-element_type=\"widget\" data-widget_type=\"text-editor.default\">\n\t\t\t\t<div class=\"elementor-widget-container\">\n\t\t\t\t\t\t\t<h4 data-start=\"172\" data-end=\"185\"><strong data-start=\"172\" data-end=\"185\">1. Objeto<\/strong><\/h4><p data-start=\"187\" data-end=\"248\"><span style=\"color: #f76b6b;\">Estos t\u00e9rminos regulan la compra de los siguientes productos:<\/span><\/p><ul data-start=\"250\" data-end=\"842\"><li data-start=\"250\" data-end=\"432\"><p data-start=\"252\" data-end=\"432\"><span style=\"color: #f76b6b;\"><strong data-start=\"252\" data-end=\"273\">Miembro del Club:<\/strong> Acceso digital a una plataforma con beneficios exclusivos para familias. Debido a la naturaleza digital del producto, no aplica el derecho de desistimiento.<\/span><\/p><\/li><li data-start=\"433\" data-end=\"649\"><p data-start=\"435\" data-end=\"649\"><span style=\"color: #f76b6b;\"><strong data-start=\"435\" data-end=\"470\">Sesiones privadas con expertos:<\/strong> Despu\u00e9s de la compra, el usuario ser\u00e1 contactado en un plazo de 24 a 48 horas h\u00e1biles para agendar la cita. Las sesiones se llevar\u00e1n a cabo seg\u00fan la disponibilidad del experto.<\/span><\/p><\/li><li data-start=\"650\" data-end=\"842\"><p data-start=\"652\" data-end=\"842\"><span style=\"color: #f76b6b;\"><strong data-start=\"652\" data-end=\"679\">Tr\u00e1mites de nacimiento:<\/strong> Una vez realizada la compra, nos pondremos en contacto en un plazo de 24 a 48 horas h\u00e1biles para solicitar la documentaci\u00f3n necesaria para gestionar los tr\u00e1mites.<\/span><\/p><\/li><\/ul><h4 data-start=\"844\" data-end=\"868\"><strong data-start=\"844\" data-end=\"868\">2. Proceso de compra<\/strong><\/h4><p data-start=\"870\" data-end=\"1047\"><span style=\"color: #f76b6b;\">La adquisici\u00f3n de cualquiera de nuestros productos implica la aceptaci\u00f3n de estos t\u00e9rminos. Los pagos se realizar\u00e1n de forma segura a trav\u00e9s de nuestras plataformas autorizadas.<\/span><\/p><h4 data-start=\"1049\" data-end=\"1092\"><strong data-start=\"1049\" data-end=\"1092\">3. Pol\u00edtica de reembolsos y cancelaci\u00f3n<\/strong><\/h4><p data-start=\"1094\" data-end=\"1382\"><span style=\"color: #f76b6b;\">Dado que <strong data-start=\"1103\" data-end=\"1123\">Miembro del Club<\/strong> es un producto digital con acceso inmediato, no se permite cancelaci\u00f3n ni reembolso una vez activado. En el caso de <strong data-start=\"1240\" data-end=\"1274\">sesiones privadas con expertos<\/strong> y <strong data-start=\"1277\" data-end=\"1303\">tr\u00e1mites de nacimiento<\/strong>, una vez iniciado el proceso de contacto, no ser\u00e1 posible realizar reembolsos.<\/span><\/p><h4 data-start=\"1384\" data-end=\"1406\"><strong data-start=\"1384\" data-end=\"1406\">4. Responsabilidad<\/strong><\/h4><p data-start=\"1408\" data-end=\"1590\"><span style=\"color: #f76b6b;\">Nos comprometemos a ofrecer productos y servicios de alta calidad; sin embargo, no nos hacemos responsables de da\u00f1os indirectos o imprevistos derivados del uso de nuestros productos.<\/span><\/p>\t\t\t\t\t\t<\/div>\n\t\t\t\t<\/div>\n\t\t\t\t\t<\/div>\n\t\t<\/div>\n\t\t\t\t\t<\/div>\n\t\t<\/section>\n\t\t\t\t<\/div>\n\t\t","protected":false},"excerpt":{"rendered":"<p>1. Objeto Estos t\u00e9rminos regulan la compra de los siguientes productos: Miembro del Club: Acceso digital a una plataforma con [&hellip;]<\/p>\n","protected":false},"author":1,"featured_media":0,"parent":0,"menu_order":0,"comment_status":"closed","ping_status":"closed","template":"","meta":{"site-sidebar-layout":"default","site-content-layout":"","ast-site-content-layout":"default","site-content-style":"default","site-sidebar-style":"default","ast-global-header-display":"","ast-banner-title-visibility":"","ast-main-header-display":"","ast-hfb-above-header-display":"","ast-hfb-below-header-display":"","ast-hfb-mobile-header-display":"","site-post-title":"","ast-breadcrumbs-content":"","ast-featured-img":"","footer-sml-layout":"","theme-transparent-header-meta":"","adv-header-id-meta":"","stick-header-meta":"","header-above-stick-meta":"","header-main-stick-meta":"","header-below-stick-meta":"","astra-migrate-meta-layouts":"default","ast-page-background-enabled":"default","ast-page-background-meta":{"desktop":{"background-color":"var(--ast-global-color-5)","background-image":"","background-repeat":"repeat","background-position":"center center","background-size":"auto","background-attachment":"scroll","background-type":"","background-media":"","overlay-type":"","overlay-color":"","overlay-opacity":"","overlay-gradient":""},"tablet":{"background-color":"","background-image":"","background-repeat":"repeat","background-position":"center center","background-size":"auto","background-attachment":"scroll","background-type":"","background-media":"","overlay-type":"","overlay-color":"","overlay-opacity":"","overlay-gradient":""},"mobile":{"background-color":"","background-image":"","background-repeat":"repeat","background-position":"center center","background-size":"auto","background-attachment":"scroll","background-type":"","background-media":"","overlay-type":"","overlay-color":"","overlay-opacity":"","overlay-gradient":""}},"ast-content-background-meta":{"desktop":{"background-color":"var(--ast-global-color-4)","background-image":"","background-repeat":"repeat","background-position":"center center","background-size":"auto","background-attachment":"scroll","background-type":"","background-media":"","overlay-type":"","overlay-color":"","overlay-opacity":"","overlay-gradient":""},"tablet":{"background-color":"var(--ast-global-color-4)","background-image":"","background-repeat":"repeat","background-position":"center center","background-size":"auto","background-attachment":"scroll","background-type":"","background-media":"","overlay-type":"","overlay-color":"","overlay-opacity":"","overlay-gradient":""},"mobile":{"background-color":"var(--ast-global-color-4)","background-image":"","background-repeat":"repeat","background-position":"center center","background-size":"auto","background-attachment":"scroll","background-type":"","background-media":"","overlay-type":"","overlay-color":"","overlay-opacity":"","overlay-gradient":""}},"footnotes":""},"class_list":["post-3025","page","type-page","status-publish","hentry"],"yoast_head":"<!-- This site is optimized with the Yoast SEO plugin v26.1.1 - https:\/\/yoast.com\/wordpress\/plugins\/seo\/ -->\n<title>T\u00e9rminos y condiciones de uso - Concilia Life<\/title>\n<meta name=\"robots\" content=\"index, follow, max-snippet:-1, max-image-preview:large, max-video-preview:-1\" \/>\n<link rel=\"canonical\" href=\"https:\/\/www.concilia.life\/es-mx\/terminos-y-condiciones-de-uso\/\" \/>\n<meta property=\"og:locale\" content=\"es_MX\" \/>\n<meta property=\"og:type\" content=\"article\" \/>\n<meta property=\"og:title\" content=\"T\u00e9rminos y condiciones de uso - Concilia Life\" \/>\n<meta property=\"og:description\" content=\"1. Objeto Estos t\u00e9rminos regulan la compra de los siguientes productos: Miembro del Club: Acceso digital a una plataforma con [&hellip;]\" \/>\n<meta property=\"og:url\" content=\"https:\/\/www.concilia.life\/es-mx\/terminos-y-condiciones-de-uso\/\" \/>\n<meta property=\"og:site_name\" content=\"Concilia Life\" \/>\n<meta property=\"article:modified_time\" content=\"2026-03-16T06:41:30+00:00\" \/>\n<meta property=\"og:image\" content=\"https:\/\/www.concilia.life\/wp-content\/uploads\/2025\/01\/Family-Friendly-Club-Logo.png\" \/>\n\t<meta property=\"og:image:width\" content=\"1080\" \/>\n\t<meta property=\"og:image:height\" content=\"250\" \/>\n\t<meta property=\"og:image:type\" content=\"image\/png\" \/>\n<meta name=\"twitter:card\" content=\"summary_large_image\" \/>\n<meta name=\"twitter:label1\" content=\"Tiempo de lectura\" \/>\n\t<meta name=\"twitter:data1\" content=\"1 minuto\" \/>\n<script type=\"application\/ld+json\" class=\"yoast-schema-graph\">{\"@context\":\"https:\/\/schema.org\",\"@graph\":[{\"@type\":\"WebPage\",\"@id\":\"https:\/\/www.concilia.life\/es-mx\/terminos-y-condiciones-de-uso\/\",\"url\":\"https:\/\/www.concilia.life\/es-mx\/terminos-y-condiciones-de-uso\/\",\"name\":\"T\u00e9rminos y condiciones de uso - Concilia Life\",\"isPartOf\":{\"@id\":\"https:\/\/www.concilia.life\/es-mx\/#website\"},\"datePublished\":\"2025-02-26T10:44:24+00:00\",\"dateModified\":\"2026-03-16T06:41:30+00:00\",\"breadcrumb\":{\"@id\":\"https:\/\/www.concilia.life\/es-mx\/terminos-y-condiciones-de-uso\/#breadcrumb\"},\"inLanguage\":\"es\",\"potentialAction\":[{\"@type\":\"ReadAction\",\"target\":[\"https:\/\/www.concilia.life\/es-mx\/terminos-y-condiciones-de-uso\/\"]}]},{\"@type\":\"BreadcrumbList\",\"@id\":\"https:\/\/www.concilia.life\/es-mx\/terminos-y-condiciones-de-uso\/#breadcrumb\",\"itemListElement\":[{\"@type\":\"ListItem\",\"position\":1,\"name\":\"Portada\",\"item\":\"https:\/\/www.concilia.life\/es-mx\/\"},{\"@type\":\"ListItem\",\"position\":2,\"name\":\"T\u00e9rminos y condiciones de uso\"}]},{\"@type\":\"WebSite\",\"@id\":\"https:\/\/www.concilia.life\/es-mx\/#website\",\"url\":\"https:\/\/www.concilia.life\/es-mx\/\",\"name\":\"Concilia.Life\",\"description\":\"\",\"publisher\":{\"@id\":\"https:\/\/www.concilia.life\/es-mx\/#organization\"},\"potentialAction\":[{\"@type\":\"SearchAction\",\"target\":{\"@type\":\"EntryPoint\",\"urlTemplate\":\"https:\/\/www.concilia.life\/es-mx\/?s={search_term_string}\"},\"query-input\":{\"@type\":\"PropertyValueSpecification\",\"valueRequired\":true,\"valueName\":\"search_term_string\"}}],\"inLanguage\":\"es\"},{\"@type\":\"Organization\",\"@id\":\"https:\/\/www.concilia.life\/es-mx\/#organization\",\"name\":\"Family Friendly Club\",\"url\":\"https:\/\/www.concilia.life\/es-mx\/\",\"logo\":{\"@type\":\"ImageObject\",\"inLanguage\":\"es\",\"@id\":\"https:\/\/www.concilia.life\/es-mx\/#\/schema\/logo\/image\/\",\"url\":\"https:\/\/www.concilia.life\/wp-content\/uploads\/2025\/01\/Logo-Family-Friendly-Club.png\",\"contentUrl\":\"https:\/\/www.concilia.life\/wp-content\/uploads\/2025\/01\/Logo-Family-Friendly-Club.png\",\"width\":1919,\"height\":670,\"caption\":\"Family Friendly Club\"},\"image\":{\"@id\":\"https:\/\/www.concilia.life\/es-mx\/#\/schema\/logo\/image\/\"}}]}<\/script>\n<!-- \/ Yoast SEO plugin. -->","yoast_head_json":{"title":"T\u00e9rminos y condiciones de uso - Concilia Life","robots":{"index":"index","follow":"follow","max-snippet":"max-snippet:-1","max-image-preview":"max-image-preview:large","max-video-preview":"max-video-preview:-1"},"canonical":"https:\/\/www.concilia.life\/es-mx\/terminos-y-condiciones-de-uso\/","og_locale":"es_MX","og_type":"article","og_title":"T\u00e9rminos y condiciones de uso - Concilia Life","og_description":"1. Objeto Estos t\u00e9rminos regulan la compra de los siguientes productos: Miembro del Club: Acceso digital a una plataforma con [&hellip;]","og_url":"https:\/\/www.concilia.life\/es-mx\/terminos-y-condiciones-de-uso\/","og_site_name":"Concilia Life","article_modified_time":"2026-03-16T06:41:30+00:00","og_image":[{"width":1080,"height":250,"url":"https:\/\/www.concilia.life\/wp-content\/uploads\/2025\/01\/Family-Friendly-Club-Logo.png","type":"image\/png"}],"twitter_card":"summary_large_image","twitter_misc":{"Tiempo de lectura":"1 minuto"},"schema":{"@context":"https:\/\/schema.org","@graph":[{"@type":"WebPage","@id":"https:\/\/www.concilia.life\/es-mx\/terminos-y-condiciones-de-uso\/","url":"https:\/\/www.concilia.life\/es-mx\/terminos-y-condiciones-de-uso\/","name":"T\u00e9rminos y condiciones de uso - Concilia Life","isPartOf":{"@id":"https:\/\/www.concilia.life\/es-mx\/#website"},"datePublished":"2025-02-26T10:44:24+00:00","dateModified":"2026-03-16T06:41:30+00:00","breadcrumb":{"@id":"https:\/\/www.concilia.life\/es-mx\/terminos-y-condiciones-de-uso\/#breadcrumb"},"inLanguage":"es","potentialAction":[{"@type":"ReadAction","target":["https:\/\/www.concilia.life\/es-mx\/terminos-y-condiciones-de-uso\/"]}]},{"@type":"BreadcrumbList","@id":"https:\/\/www.concilia.life\/es-mx\/terminos-y-condiciones-de-uso\/#breadcrumb","itemListElement":[{"@type":"ListItem","position":1,"name":"Portada","item":"https:\/\/www.concilia.life\/es-mx\/"},{"@type":"ListItem","position":2,"name":"T\u00e9rminos y condiciones de uso"}]},{"@type":"WebSite","@id":"https:\/\/www.concilia.life\/es-mx\/#website","url":"https:\/\/www.concilia.life\/es-mx\/","name":"Concilia.Life","description":"","publisher":{"@id":"https:\/\/www.concilia.life\/es-mx\/#organization"},"potentialAction":[{"@type":"SearchAction","target":{"@type":"EntryPoint","urlTemplate":"https:\/\/www.concilia.life\/es-mx\/?s={search_term_string}"},"query-input":{"@type":"PropertyValueSpecification","valueRequired":true,"valueName":"search_term_string"}}],"inLanguage":"es"},{"@type":"Organization","@id":"https:\/\/www.concilia.life\/es-mx\/#organization","name":"Family Friendly Club","url":"https:\/\/www.concilia.life\/es-mx\/","logo":{"@type":"ImageObject","inLanguage":"es","@id":"https:\/\/www.concilia.life\/es-mx\/#\/schema\/logo\/image\/","url":"https:\/\/www.concilia.life\/wp-content\/uploads\/2025\/01\/Logo-Family-Friendly-Club.png","contentUrl":"https:\/\/www.concilia.life\/wp-content\/uploads\/2025\/01\/Logo-Family-Friendly-Club.png","width":1919,"height":670,"caption":"Family Friendly Club"},"image":{"@id":"https:\/\/www.concilia.life\/es-mx\/#\/schema\/logo\/image\/"}}]}},"_links":{"self":[{"href":"https:\/\/www.concilia.life\/es-mx\/wp-json\/wp\/v2\/pages\/3025","targetHints":{"allow":["GET"]}}],"collection":[{"href":"https:\/\/www.concilia.life\/es-mx\/wp-json\/wp\/v2\/pages"}],"about":[{"href":"https:\/\/www.concilia.life\/es-mx\/wp-json\/wp\/v2\/types\/page"}],"author":[{"embeddable":true,"href":"https:\/\/www.concilia.life\/es-mx\/wp-json\/wp\/v2\/users\/1"}],"replies":[{"embeddable":true,"href":"https:\/\/www.concilia.life\/es-mx\/wp-json\/wp\/v2\/comments?post=3025"}],"version-history":[{"count":8,"href":"https:\/\/www.concilia.life\/es-mx\/wp-json\/wp\/v2\/pages\/3025\/revisions"}],"predecessor-version":[{"id":6299,"href":"https:\/\/www.concilia.life\/es-mx\/wp-json\/wp\/v2\/pages\/3025\/revisions\/6299"}],"wp:attachment":[{"href":"https:\/\/www.concilia.life\/es-mx\/wp-json\/wp\/v2\/media?parent=3025"}],"curies":[{"name":"wp","href":"https:\/\/api.w.org\/{rel}","templated":true}]}}