{"id":3089,"date":"2025-01-08T13:00:32","date_gmt":"2025-01-08T13:00:32","guid":{"rendered":"https:\/\/www.concilia.life\/producto\/tarjeta-regalo\/"},"modified":"2025-05-29T08:40:42","modified_gmt":"2025-05-29T08:40:42","slug":"tarjeta-de-regalo","status":"publish","type":"product","link":"https:\/\/www.concilia.life\/es-mx\/producto\/tarjeta-de-regalo\/","title":{"rendered":"Tarjeta De Regalo"},"content":{"rendered":"<p>&nbsp;<\/p>\n<p>&nbsp;<\/p>\n","protected":false},"excerpt":{"rendered":"<p>Regala El Viaje de los 1000 D\u00edas: el apoyo ideal para mam\u00e1s y pap\u00e1s en su aventura desde el embarazo hasta los primeros a\u00f1os de su beb\u00e9. Un obsequio especial, \u00fatil y lleno de cari\u00f1o.<\/p>\n","protected":false},"featured_media":2421,"template":"","meta":{"site-sidebar-layout":"default","site-content-layout":"","ast-site-content-layout":"default","site-content-style":"default","site-sidebar-style":"default","ast-global-header-display":"","ast-banner-title-visibility":"","ast-main-header-display":"","ast-hfb-above-header-display":"","ast-hfb-below-header-display":"","ast-hfb-mobile-header-display":"","site-post-title":"","ast-breadcrumbs-content":"","ast-featured-img":"","footer-sml-layout":"","theme-transparent-header-meta":"default","adv-header-id-meta":"","stick-header-meta":"","header-above-stick-meta":"","header-main-stick-meta":"","header-below-stick-meta":"","astra-migrate-meta-layouts":"set","ast-page-background-enabled":"default","ast-page-background-meta":{"desktop":{"background-color":"var(--ast-global-color-5)","background-image":"","background-repeat":"repeat","background-position":"center center","background-size":"auto","background-attachment":"scroll","background-type":"","background-media":"","overlay-type":"","overlay-color":"","overlay-opacity":"","overlay-gradient":""},"tablet":{"background-color":"","background-image":"","background-repeat":"repeat","background-position":"center center","background-size":"auto","background-attachment":"scroll","background-type":"","background-media":"","overlay-type":"","overlay-color":"","overlay-opacity":"","overlay-gradient":""},"mobile":{"background-color":"","background-image":"","background-repeat":"repeat","background-position":"center center","background-size":"auto","background-attachment":"scroll","background-type":"","background-media":"","overlay-type":"","overlay-color":"","overlay-opacity":"","overlay-gradient":""}},"ast-content-background-meta":{"desktop":{"background-color":"var(--ast-global-color-4)","background-image":"","background-repeat":"repeat","background-position":"center center","background-size":"auto","background-attachment":"scroll","background-type":"","background-media":"","overlay-type":"","overlay-color":"","overlay-opacity":"","overlay-gradient":""},"tablet":{"background-color":"var(--ast-global-color-4)","background-image":"","background-repeat":"repeat","background-position":"center center","background-size":"auto","background-attachment":"scroll","background-type":"","background-media":"","overlay-type":"","overlay-color":"","overlay-opacity":"","overlay-gradient":""},"mobile":{"background-color":"var(--ast-global-color-4)","background-image":"","background-repeat":"repeat","background-position":"center center","background-size":"auto","background-attachment":"scroll","background-type":"","background-media":"","overlay-type":"","overlay-color":"","overlay-opacity":"","overlay-gradient":""}}},"product_brand":[],"product_cat":[22],"product_tag":[],"class_list":{"0":"post-3089","1":"product","2":"type-product","3":"status-publish","4":"has-post-thumbnail","6":"product_cat-sesiones-privadas","7":"desktop-align-left","8":"tablet-align-left","9":"mobile-align-left","11":"first","12":"instock","13":"virtual","14":"purchasable","15":"product-type-simple"},"yoast_head":"<!-- This site is optimized with the Yoast SEO plugin v26.1.1 - https:\/\/yoast.com\/wordpress\/plugins\/seo\/ -->\n<title>Tarjeta De Regalo - Concilia Life<\/title>\n<meta name=\"robots\" content=\"index, follow, max-snippet:-1, max-image-preview:large, max-video-preview:-1\" \/>\n<link rel=\"canonical\" href=\"https:\/\/www.concilia.life\/es-mx\/producto\/tarjeta-de-regalo\/\" \/>\n<meta property=\"og:locale\" content=\"es_MX\" \/>\n<meta property=\"og:type\" content=\"article\" \/>\n<meta property=\"og:title\" content=\"Tarjeta De Regalo - Concilia Life\" \/>\n<meta property=\"og:description\" content=\"Regala El Viaje de los 1000 D\u00edas: el apoyo ideal para mam\u00e1s y pap\u00e1s en su aventura desde el embarazo hasta los primeros a\u00f1os de su beb\u00e9. Un obsequio especial, \u00fatil y lleno de cari\u00f1o.\" \/>\n<meta property=\"og:url\" content=\"https:\/\/www.concilia.life\/es-mx\/producto\/tarjeta-de-regalo\/\" \/>\n<meta property=\"og:site_name\" content=\"Concilia Life\" \/>\n<meta property=\"article:modified_time\" content=\"2025-05-29T08:40:42+00:00\" \/>\n<meta property=\"og:image\" content=\"https:\/\/www.concilia.life\/wp-content\/uploads\/2025\/01\/Giift-card-2.png\" \/>\n\t<meta property=\"og:image:width\" content=\"1080\" \/>\n\t<meta property=\"og:image:height\" content=\"1080\" \/>\n\t<meta property=\"og:image:type\" content=\"image\/png\" \/>\n<meta name=\"twitter:card\" content=\"summary_large_image\" \/>\n<meta name=\"twitter:label1\" content=\"Tiempo de lectura\" \/>\n\t<meta name=\"twitter:data1\" content=\"1 minuto\" \/>\n<script type=\"application\/ld+json\" class=\"yoast-schema-graph\">{\"@context\":\"https:\/\/schema.org\",\"@graph\":[{\"@type\":\"WebPage\",\"@id\":\"https:\/\/www.concilia.life\/es-mx\/producto\/tarjeta-de-regalo\/\",\"url\":\"https:\/\/www.concilia.life\/es-mx\/producto\/tarjeta-de-regalo\/\",\"name\":\"Tarjeta De Regalo - Concilia Life\",\"isPartOf\":{\"@id\":\"https:\/\/www.concilia.life\/es-mx\/#website\"},\"primaryImageOfPage\":{\"@id\":\"https:\/\/www.concilia.life\/es-mx\/producto\/tarjeta-de-regalo\/#primaryimage\"},\"image\":{\"@id\":\"https:\/\/www.concilia.life\/es-mx\/producto\/tarjeta-de-regalo\/#primaryimage\"},\"thumbnailUrl\":\"https:\/\/www.concilia.life\/wp-content\/uploads\/2025\/01\/Giift-card-2.png\",\"datePublished\":\"2025-01-08T13:00:32+00:00\",\"dateModified\":\"2025-05-29T08:40:42+00:00\",\"breadcrumb\":{\"@id\":\"https:\/\/www.concilia.life\/es-mx\/producto\/tarjeta-de-regalo\/#breadcrumb\"},\"inLanguage\":\"es\",\"potentialAction\":[{\"@type\":\"ReadAction\",\"target\":[\"https:\/\/www.concilia.life\/es-mx\/producto\/tarjeta-de-regalo\/\"]}]},{\"@type\":\"ImageObject\",\"inLanguage\":\"es\",\"@id\":\"https:\/\/www.concilia.life\/es-mx\/producto\/tarjeta-de-regalo\/#primaryimage\",\"url\":\"https:\/\/www.concilia.life\/wp-content\/uploads\/2025\/01\/Giift-card-2.png\",\"contentUrl\":\"https:\/\/www.concilia.life\/wp-content\/uploads\/2025\/01\/Giift-card-2.png\",\"width\":1080,\"height\":1080},{\"@type\":\"BreadcrumbList\",\"@id\":\"https:\/\/www.concilia.life\/es-mx\/producto\/tarjeta-de-regalo\/#breadcrumb\",\"itemListElement\":[{\"@type\":\"ListItem\",\"position\":1,\"name\":\"Portada\",\"item\":\"https:\/\/www.concilia.life\/es-mx\/\"},{\"@type\":\"ListItem\",\"position\":2,\"name\":\"Nuestra tienda\",\"item\":\"https:\/\/www.concilia.life\/es-mx\/nuestra-tienda\/\"},{\"@type\":\"ListItem\",\"position\":3,\"name\":\"Tarjeta De Regalo\"}]},{\"@type\":\"WebSite\",\"@id\":\"https:\/\/www.concilia.life\/es-mx\/#website\",\"url\":\"https:\/\/www.concilia.life\/es-mx\/\",\"name\":\"Concilia.Life\",\"description\":\"\",\"publisher\":{\"@id\":\"https:\/\/www.concilia.life\/es-mx\/#organization\"},\"potentialAction\":[{\"@type\":\"SearchAction\",\"target\":{\"@type\":\"EntryPoint\",\"urlTemplate\":\"https:\/\/www.concilia.life\/es-mx\/?s={search_term_string}\"},\"query-input\":{\"@type\":\"PropertyValueSpecification\",\"valueRequired\":true,\"valueName\":\"search_term_string\"}}],\"inLanguage\":\"es\"},{\"@type\":\"Organization\",\"@id\":\"https:\/\/www.concilia.life\/es-mx\/#organization\",\"name\":\"Family Friendly Club\",\"url\":\"https:\/\/www.concilia.life\/es-mx\/\",\"logo\":{\"@type\":\"ImageObject\",\"inLanguage\":\"es\",\"@id\":\"https:\/\/www.concilia.life\/es-mx\/#\/schema\/logo\/image\/\",\"url\":\"https:\/\/www.concilia.life\/wp-content\/uploads\/2025\/01\/Logo-Family-Friendly-Club.png\",\"contentUrl\":\"https:\/\/www.concilia.life\/wp-content\/uploads\/2025\/01\/Logo-Family-Friendly-Club.png\",\"width\":1919,\"height\":670,\"caption\":\"Family Friendly Club\"},\"image\":{\"@id\":\"https:\/\/www.concilia.life\/es-mx\/#\/schema\/logo\/image\/\"}}]}<\/script>\n<!-- \/ Yoast SEO plugin. -->","yoast_head_json":{"title":"Tarjeta De Regalo - Concilia Life","robots":{"index":"index","follow":"follow","max-snippet":"max-snippet:-1","max-image-preview":"max-image-preview:large","max-video-preview":"max-video-preview:-1"},"canonical":"https:\/\/www.concilia.life\/es-mx\/producto\/tarjeta-de-regalo\/","og_locale":"es_MX","og_type":"article","og_title":"Tarjeta De Regalo - Concilia Life","og_description":"Regala El Viaje de los 1000 D\u00edas: el apoyo ideal para mam\u00e1s y pap\u00e1s en su aventura desde el embarazo hasta los primeros a\u00f1os de su beb\u00e9. Un obsequio especial, \u00fatil y lleno de cari\u00f1o.","og_url":"https:\/\/www.concilia.life\/es-mx\/producto\/tarjeta-de-regalo\/","og_site_name":"Concilia Life","article_modified_time":"2025-05-29T08:40:42+00:00","og_image":[{"width":1080,"height":1080,"url":"https:\/\/www.concilia.life\/wp-content\/uploads\/2025\/01\/Giift-card-2.png","type":"image\/png"}],"twitter_card":"summary_large_image","twitter_misc":{"Tiempo de lectura":"1 minuto"},"schema":{"@context":"https:\/\/schema.org","@graph":[{"@type":"WebPage","@id":"https:\/\/www.concilia.life\/es-mx\/producto\/tarjeta-de-regalo\/","url":"https:\/\/www.concilia.life\/es-mx\/producto\/tarjeta-de-regalo\/","name":"Tarjeta De Regalo - Concilia Life","isPartOf":{"@id":"https:\/\/www.concilia.life\/es-mx\/#website"},"primaryImageOfPage":{"@id":"https:\/\/www.concilia.life\/es-mx\/producto\/tarjeta-de-regalo\/#primaryimage"},"image":{"@id":"https:\/\/www.concilia.life\/es-mx\/producto\/tarjeta-de-regalo\/#primaryimage"},"thumbnailUrl":"https:\/\/www.concilia.life\/wp-content\/uploads\/2025\/01\/Giift-card-2.png","datePublished":"2025-01-08T13:00:32+00:00","dateModified":"2025-05-29T08:40:42+00:00","breadcrumb":{"@id":"https:\/\/www.concilia.life\/es-mx\/producto\/tarjeta-de-regalo\/#breadcrumb"},"inLanguage":"es","potentialAction":[{"@type":"ReadAction","target":["https:\/\/www.concilia.life\/es-mx\/producto\/tarjeta-de-regalo\/"]}]},{"@type":"ImageObject","inLanguage":"es","@id":"https:\/\/www.concilia.life\/es-mx\/producto\/tarjeta-de-regalo\/#primaryimage","url":"https:\/\/www.concilia.life\/wp-content\/uploads\/2025\/01\/Giift-card-2.png","contentUrl":"https:\/\/www.concilia.life\/wp-content\/uploads\/2025\/01\/Giift-card-2.png","width":1080,"height":1080},{"@type":"BreadcrumbList","@id":"https:\/\/www.concilia.life\/es-mx\/producto\/tarjeta-de-regalo\/#breadcrumb","itemListElement":[{"@type":"ListItem","position":1,"name":"Portada","item":"https:\/\/www.concilia.life\/es-mx\/"},{"@type":"ListItem","position":2,"name":"Nuestra tienda","item":"https:\/\/www.concilia.life\/es-mx\/nuestra-tienda\/"},{"@type":"ListItem","position":3,"name":"Tarjeta De Regalo"}]},{"@type":"WebSite","@id":"https:\/\/www.concilia.life\/es-mx\/#website","url":"https:\/\/www.concilia.life\/es-mx\/","name":"Concilia.Life","description":"","publisher":{"@id":"https:\/\/www.concilia.life\/es-mx\/#organization"},"potentialAction":[{"@type":"SearchAction","target":{"@type":"EntryPoint","urlTemplate":"https:\/\/www.concilia.life\/es-mx\/?s={search_term_string}"},"query-input":{"@type":"PropertyValueSpecification","valueRequired":true,"valueName":"search_term_string"}}],"inLanguage":"es"},{"@type":"Organization","@id":"https:\/\/www.concilia.life\/es-mx\/#organization","name":"Family Friendly Club","url":"https:\/\/www.concilia.life\/es-mx\/","logo":{"@type":"ImageObject","inLanguage":"es","@id":"https:\/\/www.concilia.life\/es-mx\/#\/schema\/logo\/image\/","url":"https:\/\/www.concilia.life\/wp-content\/uploads\/2025\/01\/Logo-Family-Friendly-Club.png","contentUrl":"https:\/\/www.concilia.life\/wp-content\/uploads\/2025\/01\/Logo-Family-Friendly-Club.png","width":1919,"height":670,"caption":"Family Friendly Club"},"image":{"@id":"https:\/\/www.concilia.life\/es-mx\/#\/schema\/logo\/image\/"}}]}},"_links":{"self":[{"href":"https:\/\/www.concilia.life\/es-mx\/wp-json\/wp\/v2\/product\/3089","targetHints":{"allow":["GET"]}}],"collection":[{"href":"https:\/\/www.concilia.life\/es-mx\/wp-json\/wp\/v2\/product"}],"about":[{"href":"https:\/\/www.concilia.life\/es-mx\/wp-json\/wp\/v2\/types\/product"}],"wp:featuredmedia":[{"embeddable":true,"href":"https:\/\/www.concilia.life\/es-mx\/wp-json\/wp\/v2\/media\/2421"}],"wp:attachment":[{"href":"https:\/\/www.concilia.life\/es-mx\/wp-json\/wp\/v2\/media?parent=3089"}],"wp:term":[{"taxonomy":"product_brand","embeddable":true,"href":"https:\/\/www.concilia.life\/es-mx\/wp-json\/wp\/v2\/product_brand?post=3089"},{"taxonomy":"product_cat","embeddable":true,"href":"https:\/\/www.concilia.life\/es-mx\/wp-json\/wp\/v2\/product_cat?post=3089"},{"taxonomy":"product_tag","embeddable":true,"href":"https:\/\/www.concilia.life\/es-mx\/wp-json\/wp\/v2\/product_tag?post=3089"}],"curies":[{"name":"wp","href":"https:\/\/api.w.org\/{rel}","templated":true}]}}