{"id":3119,"date":"2025-01-08T13:00:30","date_gmt":"2025-01-08T13:00:30","guid":{"rendered":"https:\/\/www.concilia.life\/producto\/pack-bienvenida-hermanos\/"},"modified":"2025-05-28T10:20:21","modified_gmt":"2025-05-28T10:20:21","slug":"paquete-bienvenida-hermanos","status":"publish","type":"product","link":"https:\/\/www.concilia.life\/es-mx\/producto\/paquete-bienvenida-hermanos\/","title":{"rendered":"Paquete Bienvenida Hermanos"},"content":{"rendered":"<p data-start=\"1263\" data-end=\"1443\">El <strong data-start=\"1266\" data-end=\"1299\">Paquete Bienvenida Hermanos<\/strong>\u00a0est\u00e1 pensado para facilitar todos los tr\u00e1mites tras un nacimiento m\u00faltiple, d\u00e1ndote la tranquilidad que necesitas en este momento tan especial.<\/p>\n<p data-start=\"1445\" data-end=\"1457\"><strong data-start=\"1445\" data-end=\"1457\">Incluye:<\/strong><\/p>\n<ul data-start=\"1459\" data-end=\"2136\">\n<li data-start=\"1459\" data-end=\"1557\">\n<p data-start=\"1461\" data-end=\"1557\"><strong data-start=\"1461\" data-end=\"1491\">Prestaci\u00f3n por maternidad:<\/strong> Te ayudamos a gestionarla de forma r\u00e1pida y sin complicaciones.<\/p>\n<\/li>\n<li data-start=\"1558\" data-end=\"1654\">\n<p data-start=\"1560\" data-end=\"1654\"><strong data-start=\"1560\" data-end=\"1590\">Prestaci\u00f3n por paternidad:<\/strong> Para que ambos padres puedan disfrutar del tiempo en familia.<\/p>\n<\/li>\n<li data-start=\"1655\" data-end=\"1788\">\n<p data-start=\"1657\" data-end=\"1788\"><strong data-start=\"1657\" data-end=\"1701\">Anticipo de la deducci\u00f3n por maternidad:<\/strong> Nosotros hacemos el tr\u00e1mite para que recibas este beneficio fiscal lo antes posible.<\/p>\n<\/li>\n<li data-start=\"1789\" data-end=\"1892\">\n<p data-start=\"1791\" data-end=\"1892\"><strong data-start=\"1791\" data-end=\"1824\">Alta de los beb\u00e9s en el IMSS:<\/strong> Nos encargamos del proceso completo para que todo quede en regla.<\/p>\n<\/li>\n<li data-start=\"1893\" data-end=\"1999\">\n<p data-start=\"1895\" data-end=\"1999\"><strong data-start=\"1895\" data-end=\"1943\">Solicitud del apoyo por nacimiento m\u00faltiple:<\/strong> Tramitamos esta ayuda especial para partos m\u00faltiples.<\/p>\n<\/li>\n<li data-start=\"2000\" data-end=\"2136\">\n<p data-start=\"2002\" data-end=\"2136\"><strong data-start=\"2002\" data-end=\"2048\">Solicitud del subsidio por parto m\u00faltiple:<\/strong> Nos ocupamos de gestionar este apoyo adicional para familias con nacimientos m\u00faltiples.<\/p>\n<\/li>\n<\/ul>\n<p data-start=\"2138\" data-end=\"2300\"><strong data-start=\"2138\" data-end=\"2148\">Adem\u00e1s<\/strong>, si ya cuentas con <strong data-start=\"2168\" data-end=\"2197\">El Viaje de los 1000 D\u00edas<\/strong>, tendr\u00e1s un <strong data-start=\"2210\" data-end=\"2232\">descuento especial<\/strong> en este paquete para que vivas la experiencia con m\u00e1s tranquilidad.<\/p>\n","protected":false},"excerpt":{"rendered":"<p>El <strong data-start=\"558\" data-end=\"593\">&#8220;Paquete Bienvenida Hermanos&#8221;<\/strong> es la soluci\u00f3n ideal para facilitar todos los tr\u00e1mites tras un nacimiento m\u00faltiple. Incluye la <strong data-start=\"689\" data-end=\"731\">Prestaci\u00f3n por Maternidad y Paternidad<\/strong>, la solicitud de apoyos especiales y el registro del beb\u00e9 en el IMSS, todo con un <strong data-start=\"814\" data-end=\"837\">descuento exclusivo<\/strong> si ya contrataste <strong data-start=\"856\" data-end=\"887\">&#8220;El Viaje de los 1000 D\u00edas&#8221;<\/strong>.<\/p>\n","protected":false},"featured_media":2415,"template":"","meta":{"site-sidebar-layout":"default","site-content-layout":"","ast-site-content-layout":"default","site-content-style":"default","site-sidebar-style":"default","ast-global-header-display":"","ast-banner-title-visibility":"","ast-main-header-display":"","ast-hfb-above-header-display":"","ast-hfb-below-header-display":"","ast-hfb-mobile-header-display":"","site-post-title":"","ast-breadcrumbs-content":"","ast-featured-img":"","footer-sml-layout":"","theme-transparent-header-meta":"default","adv-header-id-meta":"","stick-header-meta":"","header-above-stick-meta":"","header-main-stick-meta":"","header-below-stick-meta":"","astra-migrate-meta-layouts":"set","ast-page-background-enabled":"default","ast-page-background-meta":{"desktop":{"background-color":"var(--ast-global-color-5)","background-image":"","background-repeat":"repeat","background-position":"center center","background-size":"auto","background-attachment":"scroll","background-type":"","background-media":"","overlay-type":"","overlay-color":"","overlay-opacity":"","overlay-gradient":""},"tablet":{"background-color":"","background-image":"","background-repeat":"repeat","background-position":"center center","background-size":"auto","background-attachment":"scroll","background-type":"","background-media":"","overlay-type":"","overlay-color":"","overlay-opacity":"","overlay-gradient":""},"mobile":{"background-color":"","background-image":"","background-repeat":"repeat","background-position":"center center","background-size":"auto","background-attachment":"scroll","background-type":"","background-media":"","overlay-type":"","overlay-color":"","overlay-opacity":"","overlay-gradient":""}},"ast-content-background-meta":{"desktop":{"background-color":"var(--ast-global-color-4)","background-image":"","background-repeat":"repeat","background-position":"center center","background-size":"auto","background-attachment":"scroll","background-type":"","background-media":"","overlay-type":"","overlay-color":"","overlay-opacity":"","overlay-gradient":""},"tablet":{"background-color":"var(--ast-global-color-4)","background-image":"","background-repeat":"repeat","background-position":"center center","background-size":"auto","background-attachment":"scroll","background-type":"","background-media":"","overlay-type":"","overlay-color":"","overlay-opacity":"","overlay-gradient":""},"mobile":{"background-color":"var(--ast-global-color-4)","background-image":"","background-repeat":"repeat","background-position":"center center","background-size":"auto","background-attachment":"scroll","background-type":"","background-media":"","overlay-type":"","overlay-color":"","overlay-opacity":"","overlay-gradient":""}}},"product_brand":[],"product_cat":[130,160],"product_tag":[],"class_list":{"0":"post-3119","1":"product","2":"type-product","3":"status-publish","4":"has-post-thumbnail","6":"product_cat-gestiones-de-nacimiento","7":"product_cat-tramites-es-mx","8":"desktop-align-left","9":"tablet-align-left","10":"mobile-align-left","12":"first","13":"instock","14":"sale","15":"virtual","16":"purchasable","17":"product-type-simple"},"yoast_head":"<!-- This site is optimized with the Yoast SEO plugin v26.1.1 - https:\/\/yoast.com\/wordpress\/plugins\/seo\/ -->\n<title>Paquete Bienvenida Hermanos - Concilia Life<\/title>\n<meta name=\"robots\" content=\"index, follow, max-snippet:-1, max-image-preview:large, max-video-preview:-1\" \/>\n<link rel=\"canonical\" href=\"https:\/\/www.concilia.life\/es-mx\/producto\/paquete-bienvenida-hermanos\/\" \/>\n<meta property=\"og:locale\" content=\"es_MX\" \/>\n<meta property=\"og:type\" content=\"article\" \/>\n<meta property=\"og:title\" content=\"Paquete Bienvenida Hermanos - Concilia Life\" \/>\n<meta property=\"og:description\" content=\"El &quot;Paquete Bienvenida Hermanos&quot; es la soluci\u00f3n ideal para facilitar todos los tr\u00e1mites tras un nacimiento m\u00faltiple. Incluye la Prestaci\u00f3n por Maternidad y Paternidad, la solicitud de apoyos especiales y el registro del beb\u00e9 en el IMSS, todo con un descuento exclusivo si ya contrataste &quot;El Viaje de los 1000 D\u00edas&quot;.\" \/>\n<meta property=\"og:url\" content=\"https:\/\/www.concilia.life\/es-mx\/producto\/paquete-bienvenida-hermanos\/\" \/>\n<meta property=\"og:site_name\" content=\"Concilia Life\" \/>\n<meta property=\"article:modified_time\" content=\"2025-05-28T10:20:21+00:00\" \/>\n<meta property=\"og:image\" content=\"https:\/\/www.concilia.life\/wp-content\/uploads\/2025\/01\/Bienvenida-Hermanos.png\" \/>\n\t<meta property=\"og:image:width\" content=\"938\" \/>\n\t<meta property=\"og:image:height\" content=\"938\" \/>\n\t<meta property=\"og:image:type\" content=\"image\/png\" \/>\n<meta name=\"twitter:card\" content=\"summary_large_image\" \/>\n<meta name=\"twitter:label1\" content=\"Tiempo de lectura\" \/>\n\t<meta name=\"twitter:data1\" content=\"1 minuto\" \/>\n<script type=\"application\/ld+json\" class=\"yoast-schema-graph\">{\"@context\":\"https:\/\/schema.org\",\"@graph\":[{\"@type\":\"WebPage\",\"@id\":\"https:\/\/www.concilia.life\/es-mx\/producto\/paquete-bienvenida-hermanos\/\",\"url\":\"https:\/\/www.concilia.life\/es-mx\/producto\/paquete-bienvenida-hermanos\/\",\"name\":\"Paquete Bienvenida Hermanos - Concilia Life\",\"isPartOf\":{\"@id\":\"https:\/\/www.concilia.life\/es-mx\/#website\"},\"primaryImageOfPage\":{\"@id\":\"https:\/\/www.concilia.life\/es-mx\/producto\/paquete-bienvenida-hermanos\/#primaryimage\"},\"image\":{\"@id\":\"https:\/\/www.concilia.life\/es-mx\/producto\/paquete-bienvenida-hermanos\/#primaryimage\"},\"thumbnailUrl\":\"https:\/\/www.concilia.life\/wp-content\/uploads\/2025\/01\/Bienvenida-Hermanos.png\",\"datePublished\":\"2025-01-08T13:00:30+00:00\",\"dateModified\":\"2025-05-28T10:20:21+00:00\",\"breadcrumb\":{\"@id\":\"https:\/\/www.concilia.life\/es-mx\/producto\/paquete-bienvenida-hermanos\/#breadcrumb\"},\"inLanguage\":\"es\",\"potentialAction\":[{\"@type\":\"ReadAction\",\"target\":[\"https:\/\/www.concilia.life\/es-mx\/producto\/paquete-bienvenida-hermanos\/\"]}]},{\"@type\":\"ImageObject\",\"inLanguage\":\"es\",\"@id\":\"https:\/\/www.concilia.life\/es-mx\/producto\/paquete-bienvenida-hermanos\/#primaryimage\",\"url\":\"https:\/\/www.concilia.life\/wp-content\/uploads\/2025\/01\/Bienvenida-Hermanos.png\",\"contentUrl\":\"https:\/\/www.concilia.life\/wp-content\/uploads\/2025\/01\/Bienvenida-Hermanos.png\",\"width\":938,\"height\":938},{\"@type\":\"BreadcrumbList\",\"@id\":\"https:\/\/www.concilia.life\/es-mx\/producto\/paquete-bienvenida-hermanos\/#breadcrumb\",\"itemListElement\":[{\"@type\":\"ListItem\",\"position\":1,\"name\":\"Portada\",\"item\":\"https:\/\/www.concilia.life\/es-mx\/\"},{\"@type\":\"ListItem\",\"position\":2,\"name\":\"Nuestra tienda\",\"item\":\"https:\/\/www.concilia.life\/es-mx\/nuestra-tienda\/\"},{\"@type\":\"ListItem\",\"position\":3,\"name\":\"Paquete Bienvenida Hermanos\"}]},{\"@type\":\"WebSite\",\"@id\":\"https:\/\/www.concilia.life\/es-mx\/#website\",\"url\":\"https:\/\/www.concilia.life\/es-mx\/\",\"name\":\"Concilia.Life\",\"description\":\"\",\"publisher\":{\"@id\":\"https:\/\/www.concilia.life\/es-mx\/#organization\"},\"potentialAction\":[{\"@type\":\"SearchAction\",\"target\":{\"@type\":\"EntryPoint\",\"urlTemplate\":\"https:\/\/www.concilia.life\/es-mx\/?s={search_term_string}\"},\"query-input\":{\"@type\":\"PropertyValueSpecification\",\"valueRequired\":true,\"valueName\":\"search_term_string\"}}],\"inLanguage\":\"es\"},{\"@type\":\"Organization\",\"@id\":\"https:\/\/www.concilia.life\/es-mx\/#organization\",\"name\":\"Family Friendly Club\",\"url\":\"https:\/\/www.concilia.life\/es-mx\/\",\"logo\":{\"@type\":\"ImageObject\",\"inLanguage\":\"es\",\"@id\":\"https:\/\/www.concilia.life\/es-mx\/#\/schema\/logo\/image\/\",\"url\":\"https:\/\/www.concilia.life\/wp-content\/uploads\/2025\/01\/Logo-Family-Friendly-Club.png\",\"contentUrl\":\"https:\/\/www.concilia.life\/wp-content\/uploads\/2025\/01\/Logo-Family-Friendly-Club.png\",\"width\":1919,\"height\":670,\"caption\":\"Family Friendly Club\"},\"image\":{\"@id\":\"https:\/\/www.concilia.life\/es-mx\/#\/schema\/logo\/image\/\"}}]}<\/script>\n<!-- \/ Yoast SEO plugin. -->","yoast_head_json":{"title":"Paquete Bienvenida Hermanos - Concilia Life","robots":{"index":"index","follow":"follow","max-snippet":"max-snippet:-1","max-image-preview":"max-image-preview:large","max-video-preview":"max-video-preview:-1"},"canonical":"https:\/\/www.concilia.life\/es-mx\/producto\/paquete-bienvenida-hermanos\/","og_locale":"es_MX","og_type":"article","og_title":"Paquete Bienvenida Hermanos - Concilia Life","og_description":"El \"Paquete Bienvenida Hermanos\" es la soluci\u00f3n ideal para facilitar todos los tr\u00e1mites tras un nacimiento m\u00faltiple. Incluye la Prestaci\u00f3n por Maternidad y Paternidad, la solicitud de apoyos especiales y el registro del beb\u00e9 en el IMSS, todo con un descuento exclusivo si ya contrataste \"El Viaje de los 1000 D\u00edas\".","og_url":"https:\/\/www.concilia.life\/es-mx\/producto\/paquete-bienvenida-hermanos\/","og_site_name":"Concilia Life","article_modified_time":"2025-05-28T10:20:21+00:00","og_image":[{"width":938,"height":938,"url":"https:\/\/www.concilia.life\/wp-content\/uploads\/2025\/01\/Bienvenida-Hermanos.png","type":"image\/png"}],"twitter_card":"summary_large_image","twitter_misc":{"Tiempo de lectura":"1 minuto"},"schema":{"@context":"https:\/\/schema.org","@graph":[{"@type":"WebPage","@id":"https:\/\/www.concilia.life\/es-mx\/producto\/paquete-bienvenida-hermanos\/","url":"https:\/\/www.concilia.life\/es-mx\/producto\/paquete-bienvenida-hermanos\/","name":"Paquete Bienvenida Hermanos - Concilia Life","isPartOf":{"@id":"https:\/\/www.concilia.life\/es-mx\/#website"},"primaryImageOfPage":{"@id":"https:\/\/www.concilia.life\/es-mx\/producto\/paquete-bienvenida-hermanos\/#primaryimage"},"image":{"@id":"https:\/\/www.concilia.life\/es-mx\/producto\/paquete-bienvenida-hermanos\/#primaryimage"},"thumbnailUrl":"https:\/\/www.concilia.life\/wp-content\/uploads\/2025\/01\/Bienvenida-Hermanos.png","datePublished":"2025-01-08T13:00:30+00:00","dateModified":"2025-05-28T10:20:21+00:00","breadcrumb":{"@id":"https:\/\/www.concilia.life\/es-mx\/producto\/paquete-bienvenida-hermanos\/#breadcrumb"},"inLanguage":"es","potentialAction":[{"@type":"ReadAction","target":["https:\/\/www.concilia.life\/es-mx\/producto\/paquete-bienvenida-hermanos\/"]}]},{"@type":"ImageObject","inLanguage":"es","@id":"https:\/\/www.concilia.life\/es-mx\/producto\/paquete-bienvenida-hermanos\/#primaryimage","url":"https:\/\/www.concilia.life\/wp-content\/uploads\/2025\/01\/Bienvenida-Hermanos.png","contentUrl":"https:\/\/www.concilia.life\/wp-content\/uploads\/2025\/01\/Bienvenida-Hermanos.png","width":938,"height":938},{"@type":"BreadcrumbList","@id":"https:\/\/www.concilia.life\/es-mx\/producto\/paquete-bienvenida-hermanos\/#breadcrumb","itemListElement":[{"@type":"ListItem","position":1,"name":"Portada","item":"https:\/\/www.concilia.life\/es-mx\/"},{"@type":"ListItem","position":2,"name":"Nuestra tienda","item":"https:\/\/www.concilia.life\/es-mx\/nuestra-tienda\/"},{"@type":"ListItem","position":3,"name":"Paquete Bienvenida Hermanos"}]},{"@type":"WebSite","@id":"https:\/\/www.concilia.life\/es-mx\/#website","url":"https:\/\/www.concilia.life\/es-mx\/","name":"Concilia.Life","description":"","publisher":{"@id":"https:\/\/www.concilia.life\/es-mx\/#organization"},"potentialAction":[{"@type":"SearchAction","target":{"@type":"EntryPoint","urlTemplate":"https:\/\/www.concilia.life\/es-mx\/?s={search_term_string}"},"query-input":{"@type":"PropertyValueSpecification","valueRequired":true,"valueName":"search_term_string"}}],"inLanguage":"es"},{"@type":"Organization","@id":"https:\/\/www.concilia.life\/es-mx\/#organization","name":"Family Friendly Club","url":"https:\/\/www.concilia.life\/es-mx\/","logo":{"@type":"ImageObject","inLanguage":"es","@id":"https:\/\/www.concilia.life\/es-mx\/#\/schema\/logo\/image\/","url":"https:\/\/www.concilia.life\/wp-content\/uploads\/2025\/01\/Logo-Family-Friendly-Club.png","contentUrl":"https:\/\/www.concilia.life\/wp-content\/uploads\/2025\/01\/Logo-Family-Friendly-Club.png","width":1919,"height":670,"caption":"Family Friendly Club"},"image":{"@id":"https:\/\/www.concilia.life\/es-mx\/#\/schema\/logo\/image\/"}}]}},"_links":{"self":[{"href":"https:\/\/www.concilia.life\/es-mx\/wp-json\/wp\/v2\/product\/3119","targetHints":{"allow":["GET"]}}],"collection":[{"href":"https:\/\/www.concilia.life\/es-mx\/wp-json\/wp\/v2\/product"}],"about":[{"href":"https:\/\/www.concilia.life\/es-mx\/wp-json\/wp\/v2\/types\/product"}],"wp:featuredmedia":[{"embeddable":true,"href":"https:\/\/www.concilia.life\/es-mx\/wp-json\/wp\/v2\/media\/2415"}],"wp:attachment":[{"href":"https:\/\/www.concilia.life\/es-mx\/wp-json\/wp\/v2\/media?parent=3119"}],"wp:term":[{"taxonomy":"product_brand","embeddable":true,"href":"https:\/\/www.concilia.life\/es-mx\/wp-json\/wp\/v2\/product_brand?post=3119"},{"taxonomy":"product_cat","embeddable":true,"href":"https:\/\/www.concilia.life\/es-mx\/wp-json\/wp\/v2\/product_cat?post=3119"},{"taxonomy":"product_tag","embeddable":true,"href":"https:\/\/www.concilia.life\/es-mx\/wp-json\/wp\/v2\/product_tag?post=3119"}],"curies":[{"name":"wp","href":"https:\/\/api.w.org\/{rel}","templated":true}]}}