{"id":3121,"date":"2025-01-08T13:00:30","date_gmt":"2025-01-08T13:00:30","guid":{"rendered":"https:\/\/www.concilia.life\/producto\/pack-de-ayudas-y-subvenciones\/"},"modified":"2025-05-28T10:52:30","modified_gmt":"2025-05-28T10:52:30","slug":"paquete-de-ayudas-y-subvenciones","status":"publish","type":"product","link":"https:\/\/www.concilia.life\/es-mx\/producto\/paquete-de-ayudas-y-subvenciones\/","title":{"rendered":"Paquete de Ayudas y Subvenciones"},"content":{"rendered":"<p data-start=\"1273\" data-end=\"1581\">El <strong data-start=\"1276\" data-end=\"1310\">Paquete de Apoyos y Beneficios<\/strong> es la soluci\u00f3n ideal para que las familias puedan acceder a todos los apoyos y beneficios disponibles al momento del nacimiento de su beb\u00e9. Te acompa\u00f1amos paso a paso para que no se te pase ning\u00fan tr\u00e1mite y recibas todo lo que te corresponde, de forma sencilla y r\u00e1pida.<\/p>\n<p data-start=\"1583\" data-end=\"1600\"><strong data-start=\"1583\" data-end=\"1600\">\u00bfQu\u00e9 incluye?<\/strong><\/p>\n<ul data-start=\"1602\" data-end=\"1926\">\n<li data-start=\"1602\" data-end=\"1786\">\n<p data-start=\"1604\" data-end=\"1786\"><strong data-start=\"1604\" data-end=\"1628\">Pack Bienvenida Beb\u00e9<\/strong>: Tramitaci\u00f3n de la Prestaci\u00f3n por Maternidad, Prestaci\u00f3n por Paternidad, Abono anticipado de la deducci\u00f3n por maternidad y alta del beb\u00e9 en el IMSS o ISSSTE.<\/p>\n<\/li>\n<li data-start=\"1787\" data-end=\"1926\">\n<p data-start=\"1789\" data-end=\"1926\"><strong data-start=\"1789\" data-end=\"1825\">B\u00fasqueda personalizada de apoyos<\/strong>: Localizamos todos los apoyos a los que puedes acceder, ya sea a nivel federal, estatal o municipal.<\/p>\n<\/li>\n<\/ul>\n<p data-start=\"1928\" data-end=\"2264\">En caso de <strong data-start=\"1939\" data-end=\"1964\">nacimientos m\u00faltiples<\/strong>, por solo $20 euros adicionales, incluimos el <strong data-start=\"2011\" data-end=\"2039\">Pack Bienvenida Hermanos<\/strong>, que cubre todos los tr\u00e1mites necesarios para solicitar los apoyos espec\u00edficos en estos casos: Prestaci\u00f3n por Maternidad, Prestaci\u00f3n por Paternidad, solicitud de ayuda por parto m\u00faltiple y subsidio por nacimientos m\u00faltiples.<\/p>\n<p data-start=\"2266\" data-end=\"2355\">Facilita todos tus tr\u00e1mites y aseg\u00farate de obtener todo el apoyo que tu familia necesita.<\/p>\n","protected":false},"excerpt":{"rendered":"<p>Recibe los apoyos principales para tu beb\u00e9 y una b\u00fasqueda personalizada de ayudas a nivel federal, estatal y municipal. Incluye el Pack Bienvenida Beb\u00e9 o el Pack Bienvenida Hermanos en caso de nacimientos m\u00faltiples.<\/p>\n","protected":false},"featured_media":2417,"template":"","meta":{"site-sidebar-layout":"default","site-content-layout":"","ast-site-content-layout":"default","site-content-style":"default","site-sidebar-style":"default","ast-global-header-display":"","ast-banner-title-visibility":"","ast-main-header-display":"","ast-hfb-above-header-display":"","ast-hfb-below-header-display":"","ast-hfb-mobile-header-display":"","site-post-title":"","ast-breadcrumbs-content":"","ast-featured-img":"","footer-sml-layout":"","theme-transparent-header-meta":"default","adv-header-id-meta":"","stick-header-meta":"","header-above-stick-meta":"","header-main-stick-meta":"","header-below-stick-meta":"","astra-migrate-meta-layouts":"set","ast-page-background-enabled":"default","ast-page-background-meta":{"desktop":{"background-color":"var(--ast-global-color-5)","background-image":"","background-repeat":"repeat","background-position":"center center","background-size":"auto","background-attachment":"scroll","background-type":"","background-media":"","overlay-type":"","overlay-color":"","overlay-opacity":"","overlay-gradient":""},"tablet":{"background-color":"","background-image":"","background-repeat":"repeat","background-position":"center center","background-size":"auto","background-attachment":"scroll","background-type":"","background-media":"","overlay-type":"","overlay-color":"","overlay-opacity":"","overlay-gradient":""},"mobile":{"background-color":"","background-image":"","background-repeat":"repeat","background-position":"center center","background-size":"auto","background-attachment":"scroll","background-type":"","background-media":"","overlay-type":"","overlay-color":"","overlay-opacity":"","overlay-gradient":""}},"ast-content-background-meta":{"desktop":{"background-color":"var(--ast-global-color-4)","background-image":"","background-repeat":"repeat","background-position":"center center","background-size":"auto","background-attachment":"scroll","background-type":"","background-media":"","overlay-type":"","overlay-color":"","overlay-opacity":"","overlay-gradient":""},"tablet":{"background-color":"var(--ast-global-color-4)","background-image":"","background-repeat":"repeat","background-position":"center center","background-size":"auto","background-attachment":"scroll","background-type":"","background-media":"","overlay-type":"","overlay-color":"","overlay-opacity":"","overlay-gradient":""},"mobile":{"background-color":"var(--ast-global-color-4)","background-image":"","background-repeat":"repeat","background-position":"center center","background-size":"auto","background-attachment":"scroll","background-type":"","background-media":"","overlay-type":"","overlay-color":"","overlay-opacity":"","overlay-gradient":""}}},"product_brand":[],"product_cat":[130,160],"product_tag":[],"class_list":{"0":"post-3121","1":"product","2":"type-product","3":"status-publish","4":"has-post-thumbnail","6":"product_cat-gestiones-de-nacimiento","7":"product_cat-tramites-es-mx","8":"desktop-align-left","9":"tablet-align-left","10":"mobile-align-left","12":"first","13":"instock","14":"sale","15":"virtual","16":"purchasable","17":"product-type-simple"},"yoast_head":"<!-- This site is optimized with the Yoast SEO plugin v26.1.1 - https:\/\/yoast.com\/wordpress\/plugins\/seo\/ -->\n<title>Paquete de Ayudas y Subvenciones - Concilia Life<\/title>\n<meta name=\"robots\" content=\"index, follow, max-snippet:-1, max-image-preview:large, max-video-preview:-1\" \/>\n<link rel=\"canonical\" href=\"https:\/\/www.concilia.life\/es-mx\/producto\/paquete-de-ayudas-y-subvenciones\/\" \/>\n<meta property=\"og:locale\" content=\"es_MX\" \/>\n<meta property=\"og:type\" content=\"article\" \/>\n<meta property=\"og:title\" content=\"Paquete de Ayudas y Subvenciones - Concilia Life\" \/>\n<meta property=\"og:description\" content=\"Recibe los apoyos principales para tu beb\u00e9 y una b\u00fasqueda personalizada de ayudas a nivel federal, estatal y municipal. Incluye el Pack Bienvenida Beb\u00e9 o el Pack Bienvenida Hermanos en caso de nacimientos m\u00faltiples.\" \/>\n<meta property=\"og:url\" content=\"https:\/\/www.concilia.life\/es-mx\/producto\/paquete-de-ayudas-y-subvenciones\/\" \/>\n<meta property=\"og:site_name\" content=\"Concilia Life\" \/>\n<meta property=\"article:modified_time\" content=\"2025-05-28T10:52:30+00:00\" \/>\n<meta property=\"og:image\" content=\"https:\/\/www.concilia.life\/wp-content\/uploads\/2025\/01\/Subvenciones-1.png\" \/>\n\t<meta property=\"og:image:width\" content=\"938\" \/>\n\t<meta property=\"og:image:height\" content=\"938\" \/>\n\t<meta property=\"og:image:type\" content=\"image\/png\" \/>\n<meta name=\"twitter:card\" content=\"summary_large_image\" \/>\n<meta name=\"twitter:label1\" content=\"Tiempo de lectura\" \/>\n\t<meta name=\"twitter:data1\" content=\"1 minuto\" \/>\n<script type=\"application\/ld+json\" class=\"yoast-schema-graph\">{\"@context\":\"https:\/\/schema.org\",\"@graph\":[{\"@type\":\"WebPage\",\"@id\":\"https:\/\/www.concilia.life\/es-mx\/producto\/paquete-de-ayudas-y-subvenciones\/\",\"url\":\"https:\/\/www.concilia.life\/es-mx\/producto\/paquete-de-ayudas-y-subvenciones\/\",\"name\":\"Paquete de Ayudas y Subvenciones - Concilia Life\",\"isPartOf\":{\"@id\":\"https:\/\/www.concilia.life\/es-mx\/#website\"},\"primaryImageOfPage\":{\"@id\":\"https:\/\/www.concilia.life\/es-mx\/producto\/paquete-de-ayudas-y-subvenciones\/#primaryimage\"},\"image\":{\"@id\":\"https:\/\/www.concilia.life\/es-mx\/producto\/paquete-de-ayudas-y-subvenciones\/#primaryimage\"},\"thumbnailUrl\":\"https:\/\/www.concilia.life\/wp-content\/uploads\/2025\/01\/Subvenciones-1.png\",\"datePublished\":\"2025-01-08T13:00:30+00:00\",\"dateModified\":\"2025-05-28T10:52:30+00:00\",\"breadcrumb\":{\"@id\":\"https:\/\/www.concilia.life\/es-mx\/producto\/paquete-de-ayudas-y-subvenciones\/#breadcrumb\"},\"inLanguage\":\"es\",\"potentialAction\":[{\"@type\":\"ReadAction\",\"target\":[\"https:\/\/www.concilia.life\/es-mx\/producto\/paquete-de-ayudas-y-subvenciones\/\"]}]},{\"@type\":\"ImageObject\",\"inLanguage\":\"es\",\"@id\":\"https:\/\/www.concilia.life\/es-mx\/producto\/paquete-de-ayudas-y-subvenciones\/#primaryimage\",\"url\":\"https:\/\/www.concilia.life\/wp-content\/uploads\/2025\/01\/Subvenciones-1.png\",\"contentUrl\":\"https:\/\/www.concilia.life\/wp-content\/uploads\/2025\/01\/Subvenciones-1.png\",\"width\":938,\"height\":938},{\"@type\":\"BreadcrumbList\",\"@id\":\"https:\/\/www.concilia.life\/es-mx\/producto\/paquete-de-ayudas-y-subvenciones\/#breadcrumb\",\"itemListElement\":[{\"@type\":\"ListItem\",\"position\":1,\"name\":\"Portada\",\"item\":\"https:\/\/www.concilia.life\/es-mx\/\"},{\"@type\":\"ListItem\",\"position\":2,\"name\":\"Nuestra tienda\",\"item\":\"https:\/\/www.concilia.life\/es-mx\/nuestra-tienda\/\"},{\"@type\":\"ListItem\",\"position\":3,\"name\":\"Paquete de Ayudas y Subvenciones\"}]},{\"@type\":\"WebSite\",\"@id\":\"https:\/\/www.concilia.life\/es-mx\/#website\",\"url\":\"https:\/\/www.concilia.life\/es-mx\/\",\"name\":\"Concilia.Life\",\"description\":\"\",\"publisher\":{\"@id\":\"https:\/\/www.concilia.life\/es-mx\/#organization\"},\"potentialAction\":[{\"@type\":\"SearchAction\",\"target\":{\"@type\":\"EntryPoint\",\"urlTemplate\":\"https:\/\/www.concilia.life\/es-mx\/?s={search_term_string}\"},\"query-input\":{\"@type\":\"PropertyValueSpecification\",\"valueRequired\":true,\"valueName\":\"search_term_string\"}}],\"inLanguage\":\"es\"},{\"@type\":\"Organization\",\"@id\":\"https:\/\/www.concilia.life\/es-mx\/#organization\",\"name\":\"Family Friendly Club\",\"url\":\"https:\/\/www.concilia.life\/es-mx\/\",\"logo\":{\"@type\":\"ImageObject\",\"inLanguage\":\"es\",\"@id\":\"https:\/\/www.concilia.life\/es-mx\/#\/schema\/logo\/image\/\",\"url\":\"https:\/\/www.concilia.life\/wp-content\/uploads\/2025\/01\/Logo-Family-Friendly-Club.png\",\"contentUrl\":\"https:\/\/www.concilia.life\/wp-content\/uploads\/2025\/01\/Logo-Family-Friendly-Club.png\",\"width\":1919,\"height\":670,\"caption\":\"Family Friendly Club\"},\"image\":{\"@id\":\"https:\/\/www.concilia.life\/es-mx\/#\/schema\/logo\/image\/\"}}]}<\/script>\n<!-- \/ Yoast SEO plugin. -->","yoast_head_json":{"title":"Paquete de Ayudas y Subvenciones - Concilia Life","robots":{"index":"index","follow":"follow","max-snippet":"max-snippet:-1","max-image-preview":"max-image-preview:large","max-video-preview":"max-video-preview:-1"},"canonical":"https:\/\/www.concilia.life\/es-mx\/producto\/paquete-de-ayudas-y-subvenciones\/","og_locale":"es_MX","og_type":"article","og_title":"Paquete de Ayudas y Subvenciones - Concilia Life","og_description":"Recibe los apoyos principales para tu beb\u00e9 y una b\u00fasqueda personalizada de ayudas a nivel federal, estatal y municipal. Incluye el Pack Bienvenida Beb\u00e9 o el Pack Bienvenida Hermanos en caso de nacimientos m\u00faltiples.","og_url":"https:\/\/www.concilia.life\/es-mx\/producto\/paquete-de-ayudas-y-subvenciones\/","og_site_name":"Concilia Life","article_modified_time":"2025-05-28T10:52:30+00:00","og_image":[{"width":938,"height":938,"url":"https:\/\/www.concilia.life\/wp-content\/uploads\/2025\/01\/Subvenciones-1.png","type":"image\/png"}],"twitter_card":"summary_large_image","twitter_misc":{"Tiempo de lectura":"1 minuto"},"schema":{"@context":"https:\/\/schema.org","@graph":[{"@type":"WebPage","@id":"https:\/\/www.concilia.life\/es-mx\/producto\/paquete-de-ayudas-y-subvenciones\/","url":"https:\/\/www.concilia.life\/es-mx\/producto\/paquete-de-ayudas-y-subvenciones\/","name":"Paquete de Ayudas y Subvenciones - Concilia Life","isPartOf":{"@id":"https:\/\/www.concilia.life\/es-mx\/#website"},"primaryImageOfPage":{"@id":"https:\/\/www.concilia.life\/es-mx\/producto\/paquete-de-ayudas-y-subvenciones\/#primaryimage"},"image":{"@id":"https:\/\/www.concilia.life\/es-mx\/producto\/paquete-de-ayudas-y-subvenciones\/#primaryimage"},"thumbnailUrl":"https:\/\/www.concilia.life\/wp-content\/uploads\/2025\/01\/Subvenciones-1.png","datePublished":"2025-01-08T13:00:30+00:00","dateModified":"2025-05-28T10:52:30+00:00","breadcrumb":{"@id":"https:\/\/www.concilia.life\/es-mx\/producto\/paquete-de-ayudas-y-subvenciones\/#breadcrumb"},"inLanguage":"es","potentialAction":[{"@type":"ReadAction","target":["https:\/\/www.concilia.life\/es-mx\/producto\/paquete-de-ayudas-y-subvenciones\/"]}]},{"@type":"ImageObject","inLanguage":"es","@id":"https:\/\/www.concilia.life\/es-mx\/producto\/paquete-de-ayudas-y-subvenciones\/#primaryimage","url":"https:\/\/www.concilia.life\/wp-content\/uploads\/2025\/01\/Subvenciones-1.png","contentUrl":"https:\/\/www.concilia.life\/wp-content\/uploads\/2025\/01\/Subvenciones-1.png","width":938,"height":938},{"@type":"BreadcrumbList","@id":"https:\/\/www.concilia.life\/es-mx\/producto\/paquete-de-ayudas-y-subvenciones\/#breadcrumb","itemListElement":[{"@type":"ListItem","position":1,"name":"Portada","item":"https:\/\/www.concilia.life\/es-mx\/"},{"@type":"ListItem","position":2,"name":"Nuestra tienda","item":"https:\/\/www.concilia.life\/es-mx\/nuestra-tienda\/"},{"@type":"ListItem","position":3,"name":"Paquete de Ayudas y Subvenciones"}]},{"@type":"WebSite","@id":"https:\/\/www.concilia.life\/es-mx\/#website","url":"https:\/\/www.concilia.life\/es-mx\/","name":"Concilia.Life","description":"","publisher":{"@id":"https:\/\/www.concilia.life\/es-mx\/#organization"},"potentialAction":[{"@type":"SearchAction","target":{"@type":"EntryPoint","urlTemplate":"https:\/\/www.concilia.life\/es-mx\/?s={search_term_string}"},"query-input":{"@type":"PropertyValueSpecification","valueRequired":true,"valueName":"search_term_string"}}],"inLanguage":"es"},{"@type":"Organization","@id":"https:\/\/www.concilia.life\/es-mx\/#organization","name":"Family Friendly Club","url":"https:\/\/www.concilia.life\/es-mx\/","logo":{"@type":"ImageObject","inLanguage":"es","@id":"https:\/\/www.concilia.life\/es-mx\/#\/schema\/logo\/image\/","url":"https:\/\/www.concilia.life\/wp-content\/uploads\/2025\/01\/Logo-Family-Friendly-Club.png","contentUrl":"https:\/\/www.concilia.life\/wp-content\/uploads\/2025\/01\/Logo-Family-Friendly-Club.png","width":1919,"height":670,"caption":"Family Friendly Club"},"image":{"@id":"https:\/\/www.concilia.life\/es-mx\/#\/schema\/logo\/image\/"}}]}},"_links":{"self":[{"href":"https:\/\/www.concilia.life\/es-mx\/wp-json\/wp\/v2\/product\/3121","targetHints":{"allow":["GET"]}}],"collection":[{"href":"https:\/\/www.concilia.life\/es-mx\/wp-json\/wp\/v2\/product"}],"about":[{"href":"https:\/\/www.concilia.life\/es-mx\/wp-json\/wp\/v2\/types\/product"}],"wp:featuredmedia":[{"embeddable":true,"href":"https:\/\/www.concilia.life\/es-mx\/wp-json\/wp\/v2\/media\/2417"}],"wp:attachment":[{"href":"https:\/\/www.concilia.life\/es-mx\/wp-json\/wp\/v2\/media?parent=3121"}],"wp:term":[{"taxonomy":"product_brand","embeddable":true,"href":"https:\/\/www.concilia.life\/es-mx\/wp-json\/wp\/v2\/product_brand?post=3121"},{"taxonomy":"product_cat","embeddable":true,"href":"https:\/\/www.concilia.life\/es-mx\/wp-json\/wp\/v2\/product_cat?post=3121"},{"taxonomy":"product_tag","embeddable":true,"href":"https:\/\/www.concilia.life\/es-mx\/wp-json\/wp\/v2\/product_tag?post=3121"}],"curies":[{"name":"wp","href":"https:\/\/api.w.org\/{rel}","templated":true}]}}